{"id":165,"date":"2024-09-20T17:15:12","date_gmt":"2024-09-20T17:15:12","guid":{"rendered":"https:\/\/cortinasmexico.com\/bolsadetrabajo\/?page_id=165"},"modified":"2024-09-25T19:19:19","modified_gmt":"2024-09-25T19:19:19","slug":"inicio","status":"publish","type":"page","link":"https:\/\/cortinasmexico.com\/bolsadetrabajo\/","title":{"rendered":"Inicio"},"content":{"rendered":"<p>[vc_row full_width=&#8221;stretch_row&#8221; css=&#8221;.vc_custom_1691773658933{padding-top: 2em !important;padding-bottom: 2em !important;background-image: url(https:\/\/cortinasmexico.com\/bolsadetrabajo\/\/wp-content\/uploads\/Banner_BolsadeTrabajo-1.jpg?id=108) !important;}&#8221;][vc_column][vc_column_text el_class=&#8221;contenido-blanco&#8221;]<\/p>\n<h1 style=\"text-align: center;\">BOLSA DE TRABAJO<\/h1>\n<p>[\/vc_column_text][\/vc_column][\/vc_row][vc_row el_class=&#8221;padding-top-3 padding-bottom-2&#8243;][vc_column][vc_column_text]<\/p>\n<h2 style=\"text-align: center;\"><span style=\"color: #da3b29;\">\u00daNETE A NUESTRO EQUIPO<\/span><\/h2>\n<p style=\"text-align: center;\">Conoce nuestras vacantes, post\u00falate y forma parte de la familia Cortinas M\u00e9xico<\/p>\n<p>[\/vc_column_text][\/vc_column][\/vc_row][vc_row el_class=&#8221;padding-bottom-2&#8243;][vc_column][vc_basic_grid post_type=&#8221;vacante&#8221; max_items=&#8221;100&#8243; item=&#8221;62&#8243; grid_id=&#8221;vc_gid:1727291938415-84d99388-34ba-9&#8243;][\/vc_column][\/vc_row][vc_row full_width=&#8221;stretch_row&#8221; el_class=&#8221;padding-top-3 padding-bottom-2&#8243; css=&#8221;.vc_custom_1691776157786{background-color: #f4f4f4 !important;}&#8221; el_id=&#8221;postulate&#8221;][vc_column][vc_column_text]<\/p>\n<h2 style=\"text-align: center;\"><span style=\"color: #da3b29;\">\u00daNETE A NUESTRO EQUIPO<\/span><\/h2>\n<p>[\/vc_column_text][vc_separator color=&#8221;custom&#8221; border_width=&#8221;2&#8243; el_width=&#8221;20&#8243; accent_color=&#8221;#da3b29&#8243;][vc_column_text]<\/p>\n<p style=\"text-align: center;\">Descubre nuestras vacantes, aplica y forma parte de Cortinas de M\u00e9xico.<\/p>\n<p>[\/vc_column_text]\n<div class=\"wpcf7 no-js\" id=\"wpcf7-f56-o1\" lang=\"es-MX\" dir=\"ltr\">\n<div class=\"screen-reader-response\"><p role=\"status\" aria-live=\"polite\" aria-atomic=\"true\"><\/p> <ul><\/ul><\/div>\n<form action=\"\/bolsadetrabajo\/wp-json\/wp\/v2\/pages\/165#wpcf7-f56-o1\" method=\"post\" class=\"wpcf7-form init\" aria-label=\"Formulario de contacto\" enctype=\"multipart\/form-data\" novalidate=\"novalidate\" data-status=\"init\">\n<div style=\"display: none;\">\n<input type=\"hidden\" name=\"_wpcf7\" value=\"56\" \/>\n<input type=\"hidden\" name=\"_wpcf7_version\" value=\"5.9.8\" \/>\n<input type=\"hidden\" name=\"_wpcf7_locale\" value=\"es_MX\" \/>\n<input type=\"hidden\" name=\"_wpcf7_unit_tag\" value=\"wpcf7-f56-o1\" \/>\n<input type=\"hidden\" name=\"_wpcf7_container_post\" value=\"0\" \/>\n<input type=\"hidden\" name=\"_wpcf7_posted_data_hash\" value=\"\" \/>\n<\/div>\n<div class=\"vc_col-sm-4\">\n\t<p><span class=\"wpcf7-form-control-wrap\" data-name=\"your-name\"><input size=\"40\" maxlength=\"400\" class=\"wpcf7-form-control wpcf7-text wpcf7-validates-as-required\" aria-required=\"true\" aria-invalid=\"false\" placeholder=\"Nombre*\" value=\"\" type=\"text\" name=\"your-name\" \/><\/span>\n\t<\/p>\n<\/div>\n<div class=\"vc_col-sm-4\">\n\t<p><span class=\"wpcf7-form-control-wrap\" data-name=\"your-apellido\"><input size=\"40\" maxlength=\"400\" class=\"wpcf7-form-control wpcf7-text wpcf7-validates-as-required\" aria-required=\"true\" aria-invalid=\"false\" placeholder=\"Apellido*\" value=\"\" type=\"text\" name=\"your-apellido\" \/><\/span>\n\t<\/p>\n<\/div>\n<div class=\"vc_col-sm-4\">\n\t<p><span class=\"wpcf7-form-control-wrap\" data-name=\"your-tel\"><input size=\"40\" maxlength=\"400\" class=\"wpcf7-form-control wpcf7-tel wpcf7-validates-as-required wpcf7-text wpcf7-validates-as-tel\" aria-required=\"true\" aria-invalid=\"false\" placeholder=\"Tel\u00e9fono*\" value=\"\" type=\"tel\" name=\"your-tel\" \/><\/span>\n\t<\/p>\n<\/div>\n<div class=\"vc_col-sm-4\">\n\t<p><span class=\"wpcf7-form-control-wrap\" data-name=\"select\"><select class=\"wpcf7-form-control wpcf7-select wpcf7-validates-as-required\" aria-required=\"true\" aria-invalid=\"false\" name=\"select\"><option value=\"\">Por favor, seleccione una opci\u00f3n<\/option><option value=\"Mantenimiento\">Mantenimiento<\/option><option value=\"Asesor Comercial (Guadalajara)\">Asesor Comercial (Guadalajara)<\/option><option value=\"Back office Sr.\">Back office Sr.<\/option><option value=\"Prospectador\">Prospectador<\/option><option value=\"Supervisor de instalaciones\">Supervisor de instalaciones<\/option><option value=\"Distribuci\u00f3n y Postventa\">Distribuci\u00f3n y Postventa<\/option><option value=\"Ventas Industrial\">Ventas Industrial<\/option><option value=\"Asesor Comercial (Monterrey)\">Asesor Comercial (Monterrey)<\/option><option value=\"Asesor Comercial (Leon- Guanajuato)\">Asesor Comercial (Leon- Guanajuato)<\/option><option value=\"Asesor Comercial (Queretaro)\">Asesor Comercial (Queretaro)<\/option><option value=\"Tecnico en instalaciones\">Tecnico en instalaciones<\/option><option value=\"Ayudante General\">Ayudante General<\/option><option value=\"Ayudante de soldador\">Ayudante de soldador<\/option><option value=\"T\u00e9cnico en maquinas y herramientas\">T\u00e9cnico en maquinas y herramientas<\/option><option value=\"Operador de corte y doblez de lamina\">Operador de corte y doblez de lamina<\/option><\/select><\/span>\n\t<\/p>\n<\/div>\n<div class=\"vc_col-sm-4\">\n\t<p><span class=\"wpcf7-form-control-wrap\" data-name=\"your-cv\"><input size=\"40\" class=\"wpcf7-form-control wpcf7-file wpcf7-validates-as-required\" accept=\".pdf,.docx\" aria-required=\"true\" aria-invalid=\"false\" type=\"file\" name=\"your-cv\" \/><\/span>\n\t<\/p>\n<\/div>\n<div class=\"vc_col-sm-4\">\n\t<p><span class=\"wpcf7-form-control-wrap\" data-name=\"your-comentarios\"><input size=\"40\" maxlength=\"400\" class=\"wpcf7-form-control wpcf7-text wpcf7-validates-as-required\" aria-required=\"true\" aria-invalid=\"false\" placeholder=\"Comentarios\" value=\"\" type=\"text\" name=\"your-comentarios\" \/><\/span>\n\t<\/p>\n<\/div>\n<div class=\"vc_col-sm-12\" style=\"text-align: center;\">\n\t<p><input class=\"wpcf7-form-control wpcf7-submit has-spinner\" type=\"submit\" value=\"Enviar\" \/>\n\t<\/p>\n<\/div><div class=\"wpcf7-response-output\" aria-hidden=\"true\"><\/div>\n<\/form>\n<\/div>\n[\/vc_column][\/vc_row]<\/p>\n","protected":false},"excerpt":{"rendered":"<p>[vc_row full_width=&#8221;stretch_row&#8221; css=&#8221;.vc_custom_1691773658933{padding-top: 2em !important;padding-bottom: 2em !important;background-image: url(https:\/\/cortinasmexico.com\/bolsadetrabajo\/\/wp-content\/uploads\/Banner_BolsadeTrabajo-1.jpg?id=108) !important;}&#8221;][vc_column][vc_column_text el_class=&#8221;contenido-blanco&#8221;] BOLSA DE TRABAJO [\/vc_column_text][\/vc_column][\/vc_row][vc_row el_class=&#8221;padding-top-3 padding-bottom-2&#8243;][vc_column][vc_column_text] \u00daNETE A NUESTRO EQUIPO Conoce nuestras vacantes, post\u00falate y forma parte de la familia Cortinas M\u00e9xico [\/vc_column_text][\/vc_column][\/vc_row][vc_row el_class=&#8221;padding-bottom-2&#8243;][vc_column][vc_basic_grid post_type=&#8221;vacante&#8221; max_items=&#8221;100&#8243; item=&#8221;62&#8243; grid_id=&#8221;vc_gid:1727291938415-84d99388-34ba-9&#8243;][\/vc_column][\/vc_row][vc_row full_width=&#8221;stretch_row&#8221; el_class=&#8221;padding-top-3 padding-bottom-2&#8243; css=&#8221;.vc_custom_1691776157786{background-color: #f4f4f4 !important;}&#8221; el_id=&#8221;postulate&#8221;][vc_column][vc_column_text] \u00daNETE A NUESTRO EQUIPO [\/vc_column_text][vc_separator color=&#8221;custom&#8221; border_width=&#8221;2&#8243; el_width=&#8221;20&#8243; accent_color=&#8221;#da3b29&#8243;][vc_column_text] Descubre [&hellip;]<\/p>\n","protected":false},"author":1,"featured_media":0,"parent":0,"menu_order":0,"comment_status":"closed","ping_status":"closed","template":"","meta":{"_acf_changed":false,"site-sidebar-layout":"no-sidebar","site-content-layout":"plain-container","ast-site-content-layout":"default","site-content-style":"default","site-sidebar-style":"default","ast-global-header-display":"","ast-banner-title-visibility":"","ast-main-header-display":"","ast-hfb-above-header-display":"","ast-hfb-below-header-display":"","ast-hfb-mobile-header-display":"","site-post-title":"disabled","ast-breadcrumbs-content":"","ast-featured-img":"disabled","footer-sml-layout":"","theme-transparent-header-meta":"default","adv-header-id-meta":"","stick-header-meta":"","header-above-stick-meta":"","header-main-stick-meta":"","header-below-stick-meta":"","astra-migrate-meta-layouts":"set","ast-page-background-enabled":"default","ast-page-background-meta":{"desktop":{"background-color":"var(--ast-global-color-4)","background-image":"","background-repeat":"repeat","background-position":"center center","background-size":"auto","background-attachment":"scroll","background-type":"","background-media":"","overlay-type":"","overlay-color":"","overlay-opacity":"","overlay-gradient":""},"tablet":{"background-color":"","background-image":"","background-repeat":"repeat","background-position":"center center","background-size":"auto","background-attachment":"scroll","background-type":"","background-media":"","overlay-type":"","overlay-color":"","overlay-opacity":"","overlay-gradient":""},"mobile":{"background-color":"","background-image":"","background-repeat":"repeat","background-position":"center center","background-size":"auto","background-attachment":"scroll","background-type":"","background-media":"","overlay-type":"","overlay-color":"","overlay-opacity":"","overlay-gradient":""}},"ast-content-background-meta":{"desktop":{"background-color":"var(--ast-global-color-5)","background-image":"","background-repeat":"repeat","background-position":"center center","background-size":"auto","background-attachment":"scroll","background-type":"","background-media":"","overlay-type":"","overlay-color":"","overlay-opacity":"","overlay-gradient":""},"tablet":{"background-color":"var(--ast-global-color-5)","background-image":"","background-repeat":"repeat","background-position":"center center","background-size":"auto","background-attachment":"scroll","background-type":"","background-media":"","overlay-type":"","overlay-color":"","overlay-opacity":"","overlay-gradient":""},"mobile":{"background-color":"var(--ast-global-color-5)","background-image":"","background-repeat":"repeat","background-position":"center center","background-size":"auto","background-attachment":"scroll","background-type":"","background-media":"","overlay-type":"","overlay-color":"","overlay-opacity":"","overlay-gradient":""}},"footnotes":""},"class_list":["post-165","page","type-page","status-publish","hentry"],"acf":[],"_links":{"self":[{"href":"https:\/\/cortinasmexico.com\/bolsadetrabajo\/wp-json\/wp\/v2\/pages\/165"}],"collection":[{"href":"https:\/\/cortinasmexico.com\/bolsadetrabajo\/wp-json\/wp\/v2\/pages"}],"about":[{"href":"https:\/\/cortinasmexico.com\/bolsadetrabajo\/wp-json\/wp\/v2\/types\/page"}],"author":[{"embeddable":true,"href":"https:\/\/cortinasmexico.com\/bolsadetrabajo\/wp-json\/wp\/v2\/users\/1"}],"replies":[{"embeddable":true,"href":"https:\/\/cortinasmexico.com\/bolsadetrabajo\/wp-json\/wp\/v2\/comments?post=165"}],"version-history":[{"count":3,"href":"https:\/\/cortinasmexico.com\/bolsadetrabajo\/wp-json\/wp\/v2\/pages\/165\/revisions"}],"predecessor-version":[{"id":181,"href":"https:\/\/cortinasmexico.com\/bolsadetrabajo\/wp-json\/wp\/v2\/pages\/165\/revisions\/181"}],"wp:attachment":[{"href":"https:\/\/cortinasmexico.com\/bolsadetrabajo\/wp-json\/wp\/v2\/media?parent=165"}],"curies":[{"name":"wp","href":"https:\/\/api.w.org\/{rel}","templated":true}]}}